{"id":103,"date":"2024-09-27T22:35:23","date_gmt":"2024-09-27T22:35:23","guid":{"rendered":"https:\/\/pazydialogo.worldjusticeproject.mx\/?page_id=103"},"modified":"2025-03-06T18:31:47","modified_gmt":"2025-03-06T18:31:47","slug":"5-reflexiones","status":"publish","type":"page","link":"https:\/\/pazydialogo.worldjusticeproject.mx\/en\/5-reflexiones\/","title":{"rendered":"5. Reflections"},"content":{"rendered":"<div data-elementor-type=\"wp-page\" data-elementor-id=\"103\" class=\"elementor elementor-103\" data-elementor-post-type=\"page\">\n\t\t\t\t<div class=\"elementor-element elementor-element-da877c1 e-flex e-con-boxed e-con e-parent\" data-id=\"da877c1\" data-element_type=\"container\" data-e-type=\"container\" data-settings=\"{&quot;background_background&quot;:&quot;classic&quot;}\">\n\t\t\t\t\t<div class=\"e-con-inner\">\n\t\t\t\t<div class=\"elementor-element elementor-element-c03d183 elementor-widget elementor-widget-heading\" data-id=\"c03d183\" data-element_type=\"widget\" data-e-type=\"widget\" data-widget_type=\"heading.default\">\n\t\t\t\t<div class=\"elementor-widget-container\">\n\t\t\t\t\t<h2 class=\"elementor-heading-title elementor-size-default\">REFLECTION 1<\/h2>\t\t\t\t<\/div>\n\t\t\t\t<\/div>\n\t\t\t\t<div class=\"elementor-element elementor-element-faa90bc elementor-widget elementor-widget-heading\" data-id=\"faa90bc\" data-element_type=\"widget\" data-e-type=\"widget\" data-widget_type=\"heading.default\">\n\t\t\t\t<div class=\"elementor-widget-container\">\n\t\t\t\t\t<p class=\"elementor-heading-title elementor-size-default\">Peace and Dialogue Centers expand the right of indigenous people to access justice by providing a useful space for conflict resolution through dialogue, in an accessible and culturally relevant format. On the one hand, they expand legal capacity for those seeking assistance and guidance, and, on the other, they provide justice services even with conflicts lacking official documentation, such as birth or marriage certificates or property titles. A record of the work they systematically conduct continues to be a pending task, to demonstrate the significance of these Centers in conflict resolution and expanding access to justice in these communities.<\/p>\t\t\t\t<\/div>\n\t\t\t\t<\/div>\n\t\t\t\t\t<\/div>\n\t\t\t\t<\/div>\n\t\t<div class=\"elementor-element elementor-element-88181be e-flex e-con-boxed e-con e-parent\" data-id=\"88181be\" data-element_type=\"container\" data-e-type=\"container\" data-settings=\"{&quot;background_background&quot;:&quot;classic&quot;}\">\n\t\t\t\t\t<div class=\"e-con-inner\">\n\t\t\t\t<div class=\"elementor-element elementor-element-c52b96c elementor-widget elementor-widget-heading\" data-id=\"c52b96c\" data-element_type=\"widget\" data-e-type=\"widget\" data-widget_type=\"heading.default\">\n\t\t\t\t<div class=\"elementor-widget-container\">\n\t\t\t\t\t<h2 class=\"elementor-heading-title elementor-size-default\">REFLECTION 2<\/h2>\t\t\t\t<\/div>\n\t\t\t\t<\/div>\n\t\t\t\t<div class=\"elementor-element elementor-element-6588a25 elementor-widget elementor-widget-heading\" data-id=\"6588a25\" data-element_type=\"widget\" data-e-type=\"widget\" data-widget_type=\"heading.default\">\n\t\t\t\t<div class=\"elementor-widget-container\">\n\t\t\t\t\t<p class=\"elementor-heading-title elementor-size-default\">Ambivalence and contradiction underlie from the intercultural perspective, since the PJEdoMex has helped in the creation and operation of the PDCs, but without legal recognition. This contradiction permeates in the lack of ownership of the Centers by the communities and also in the expectation that the PJEdoMex will meet their needs, which puts their daily operation at risk, for example, with mediator financial remuneration and ongoing training.<\/p>\t\t\t\t<\/div>\n\t\t\t\t<\/div>\n\t\t\t\t\t<\/div>\n\t\t\t\t<\/div>\n\t\t<div class=\"elementor-element elementor-element-f6b09f1 e-flex e-con-boxed e-con e-parent\" data-id=\"f6b09f1\" data-element_type=\"container\" data-e-type=\"container\" data-settings=\"{&quot;background_background&quot;:&quot;classic&quot;}\">\n\t\t\t\t\t<div class=\"e-con-inner\">\n\t\t\t\t<div class=\"elementor-element elementor-element-dd12fa6 elementor-widget elementor-widget-heading\" data-id=\"dd12fa6\" data-element_type=\"widget\" data-e-type=\"widget\" data-widget_type=\"heading.default\">\n\t\t\t\t<div class=\"elementor-widget-container\">\n\t\t\t\t\t<h2 class=\"elementor-heading-title elementor-size-default\">REFLECTION 3<\/h2>\t\t\t\t<\/div>\n\t\t\t\t<\/div>\n\t\t\t\t<div class=\"elementor-element elementor-element-e651db9 elementor-widget elementor-widget-heading\" data-id=\"e651db9\" data-element_type=\"widget\" data-e-type=\"widget\" data-widget_type=\"heading.default\">\n\t\t\t\t<div class=\"elementor-widget-container\">\n\t\t\t\t\t<p class=\"elementor-heading-title elementor-size-default\">Integrating PDCs into the community fabric is crucial for their effective operation and for ensuring they are useful to the population. Community ownership must be accompanied by a person with legitimacy, validation, and community recognition, as well as the necessary tools to operate such a center. These two components are indispensable for the life of a Center.<\/p>\t\t\t\t<\/div>\n\t\t\t\t<\/div>\n\t\t\t\t\t<\/div>\n\t\t\t\t<\/div>\n\t\t<div class=\"elementor-element elementor-element-9948956 e-flex e-con-boxed e-con e-parent\" data-id=\"9948956\" data-element_type=\"container\" data-e-type=\"container\" data-settings=\"{&quot;background_background&quot;:&quot;classic&quot;}\">\n\t\t\t\t\t<div class=\"e-con-inner\">\n\t\t<div class=\"elementor-element elementor-element-646f3cf e-con-full e-flex e-con e-child\" data-id=\"646f3cf\" data-element_type=\"container\" data-e-type=\"container\">\n\t\t\t\t<div class=\"elementor-element elementor-element-7d33510 elementor-widget elementor-widget-image\" data-id=\"7d33510\" data-element_type=\"widget\" data-e-type=\"widget\" data-widget_type=\"image.default\">\n\t\t\t\t<div class=\"elementor-widget-container\">\n\t\t\t\t\t\t\t\t\t\t\t\t\t\t\t<img fetchpriority=\"high\" decoding=\"async\" width=\"471\" height=\"469\" src=\"https:\/\/pazydialogo.worldjusticeproject.mx\/wp-content\/uploads\/sites\/2\/2024\/09\/screenshot-xd.adobe_.com-2024.02.01-13_32_46.png\" class=\"attachment-large size-large wp-image-108\" alt=\"\" srcset=\"https:\/\/pazydialogo.worldjusticeproject.mx\/wp-content\/uploads\/sites\/2\/2024\/09\/screenshot-xd.adobe_.com-2024.02.01-13_32_46.png 471w, https:\/\/pazydialogo.worldjusticeproject.mx\/wp-content\/uploads\/sites\/2\/2024\/09\/screenshot-xd.adobe_.com-2024.02.01-13_32_46-300x300.png 300w, https:\/\/pazydialogo.worldjusticeproject.mx\/wp-content\/uploads\/sites\/2\/2024\/09\/screenshot-xd.adobe_.com-2024.02.01-13_32_46-150x150.png 150w, https:\/\/pazydialogo.worldjusticeproject.mx\/wp-content\/uploads\/sites\/2\/2024\/09\/screenshot-xd.adobe_.com-2024.02.01-13_32_46-12x12.png 12w\" sizes=\"(max-width: 471px) 100vw, 471px\" \/>\t\t\t\t\t\t\t\t\t\t\t\t\t\t\t<\/div>\n\t\t\t\t<\/div>\n\t\t<div class=\"elementor-element elementor-element-368e7c5 audio-container e-flex e-con-boxed e-con e-child\" data-id=\"368e7c5\" data-element_type=\"container\" data-e-type=\"container\">\n\t\t\t\t\t<div class=\"e-con-inner\">\n\t\t\t\t<div class=\"elementor-element elementor-element-d8d33f2 elementor-position-inline-start elementor-widget__width-initial elementor-mobile-position-inline-start elementor-widget-mobile__width-inherit elementor-view-default elementor-widget elementor-widget-icon-box\" data-id=\"d8d33f2\" data-element_type=\"widget\" data-e-type=\"widget\" data-widget_type=\"icon-box.default\">\n\t\t\t\t<div class=\"elementor-widget-container\">\n\t\t\t\t\t\t\t<div class=\"elementor-icon-box-wrapper\">\n\n\t\t\t\t\t\t<div class=\"elementor-icon-box-icon\">\n\t\t\t\t<a href=\"https:\/\/worldjusticeproject.mx\/wp-content\/uploads\/2024\/02\/WJP_Audio-12-Lucina-Hernandez.mp3\" class=\"elementor-icon\" tabindex=\"-1\" aria-label=\"Lucina Hern\u00e1ndez, Grand Chief, Capulhuac.\">\n\t\t\t\t<svg aria-hidden=\"true\" class=\"e-font-icon-svg e-fas-play\" viewbox=\"0 0 448 512\" xmlns=\"http:\/\/www.w3.org\/2000\/svg\"><path d=\"M424.4 214.7L72.4 6.6C43.8-10.3 0 6.1 0 47.9V464c0 37.5 40.7 60.1 72.4 41.3l352-208c31.4-18.5 31.5-64.1 0-82.6z\"><\/path><\/svg>\t\t\t\t<\/a>\n\t\t\t<\/div>\n\t\t\t\n\t\t\t\t\t\t<div class=\"elementor-icon-box-content\">\n\n\t\t\t\t\t\t\t\t\t<span class=\"elementor-icon-box-title\">\n\t\t\t\t\t\t<a href=\"https:\/\/worldjusticeproject.mx\/wp-content\/uploads\/2024\/02\/WJP_Audio-12-Lucina-Hernandez.mp3\" >\n\t\t\t\t\t\t\tLucina Hern\u00e1ndez, Grand Chief, Capulhuac.\t\t\t\t\t\t<\/a>\n\t\t\t\t\t<\/span>\n\t\t\t\t\n\t\t\t\t\n\t\t\t<\/div>\n\t\t\t\n\t\t<\/div>\n\t\t\t\t\t\t<\/div>\n\t\t\t\t<\/div>\n\t\t\t\t<div class=\"elementor-element elementor-element-488ce14 elementor-widget elementor-widget-html\" data-id=\"488ce14\" data-element_type=\"widget\" data-e-type=\"widget\" data-widget_type=\"html.default\">\n\t\t\t\t<div class=\"elementor-widget-container\">\n\t\t\t\t\t<div>\n<\/div>\t\t\t\t<\/div>\n\t\t\t\t<\/div>\n\t\t\t\t\t<\/div>\n\t\t\t\t<\/div>\n\t\t\t\t<\/div>\n\t\t<div class=\"elementor-element elementor-element-3e357d5 e-con-full e-flex e-con e-child\" data-id=\"3e357d5\" data-element_type=\"container\" data-e-type=\"container\">\n\t\t\t\t<div class=\"elementor-element elementor-element-546b664 elementor-widget elementor-widget-heading\" data-id=\"546b664\" data-element_type=\"widget\" data-e-type=\"widget\" data-widget_type=\"heading.default\">\n\t\t\t\t<div class=\"elementor-widget-container\">\n\t\t\t\t\t<h2 class=\"elementor-heading-title elementor-size-default\">REFLECTION 4<\/h2>\t\t\t\t<\/div>\n\t\t\t\t<\/div>\n\t\t\t\t<div class=\"elementor-element elementor-element-76eea03 elementor-widget elementor-widget-heading\" data-id=\"76eea03\" data-element_type=\"widget\" data-e-type=\"widget\" data-widget_type=\"heading.default\">\n\t\t\t\t<div class=\"elementor-widget-container\">\n\t\t\t\t\t<p class=\"elementor-heading-title elementor-size-default\">The lack of a solution to problems associated with sustainability jeopardizes the operation of the Centers and community ownership. In addition, social, political, and economic asymmetries become perpetuated, because it is operators themselves and communities who end up assuming the wear and tear involved in Center maintenance, imposing an additional burden on them.\n<\/p>\t\t\t\t<\/div>\n\t\t\t\t<\/div>\n\t\t\t\t<div class=\"elementor-element elementor-element-1c14455 elementor-widget elementor-widget-button\" data-id=\"1c14455\" data-element_type=\"widget\" data-e-type=\"widget\" data-widget_type=\"button.default\">\n\t\t\t\t<div class=\"elementor-widget-container\">\n\t\t\t\t\t\t\t\t\t<div class=\"elementor-button-wrapper\">\n\t\t\t\t\t<a class=\"elementor-button elementor-button-link elementor-size-sm\" href=\"https:\/\/pazydialogo.worldjusticeproject.mx\/wp-content\/uploads\/sites\/2\/2024\/10\/Centros-de-Paz-y-DialogoENG_OCT2024_V2.pdf\" target=\"_blank\">\n\t\t\t\t\t\t<span class=\"elementor-button-content-wrapper\">\n\t\t\t\t\t\t\t\t\t<span class=\"elementor-button-text\">Consulta \"Centros de Paz y Di\u00e1logo: un modelo de justicia alternativa y comunitaria en el Estado de M\u00e9xico\" aqu\u00ed <\/span>\n\t\t\t\t\t<\/span>\n\t\t\t\t\t<\/a>\n\t\t\t\t<\/div>\n\t\t\t\t\t\t\t\t<\/div>\n\t\t\t\t<\/div>\n\t\t\t\t<div class=\"elementor-element elementor-element-982f2ae elementor-widget elementor-widget-button\" data-id=\"982f2ae\" data-element_type=\"widget\" data-e-type=\"widget\" data-widget_type=\"button.default\">\n\t\t\t\t<div class=\"elementor-widget-container\">\n\t\t\t\t\t\t\t\t\t<div class=\"elementor-button-wrapper\">\n\t\t\t\t\t<a class=\"elementor-button elementor-button-link elementor-size-sm\" href=\"https:\/\/pazydialogo.worldjusticeproject.mx\/wp-content\/uploads\/sites\/2\/2025\/03\/Reporte-Conflicto-socioambiental_VF.pdf\" target=\"_blank\">\n\t\t\t\t\t\t<span class=\"elementor-button-content-wrapper\">\n\t\t\t\t\t\t\t\t\t<span class=\"elementor-button-text\">Consulta \"Conflicto socioambiental en San Juan Atzingo: estrategias comunitarias frente a la tala ilegal\" aqu\u00ed <\/span>\n\t\t\t\t\t<\/span>\n\t\t\t\t\t<\/a>\n\t\t\t\t<\/div>\n\t\t\t\t\t\t\t\t<\/div>\n\t\t\t\t<\/div>\n\t\t\t\t<\/div>\n\t\t\t\t\t<\/div>\n\t\t\t\t<\/div>\n\t\t\t\t<\/div>","protected":false},"excerpt":{"rendered":"<p>REFLEXI\u00d3N 1 Los Centros de Paz y Di\u00e1logo ampl\u00edan el derecho de las personas ind\u00edgenas de acceder a la justicia, al constituir un espacio para la resoluci\u00f3n de conflictos a trav\u00e9s del di\u00e1logo, en un formato accesible y con pertinencia cultural. Adem\u00e1s, por un lado, ampl\u00edan la capacidad legal de las personas que acuden, pues [&hellip;]<\/p>\n","protected":false},"author":1,"featured_media":0,"parent":0,"menu_order":0,"comment_status":"closed","ping_status":"closed","template":"","meta":{"footnotes":""},"class_list":["post-103","page","type-page","status-publish","hentry"],"_links":{"self":[{"href":"https:\/\/pazydialogo.worldjusticeproject.mx\/en\/wp-json\/wp\/v2\/pages\/103","targetHints":{"allow":["GET"]}}],"collection":[{"href":"https:\/\/pazydialogo.worldjusticeproject.mx\/en\/wp-json\/wp\/v2\/pages"}],"about":[{"href":"https:\/\/pazydialogo.worldjusticeproject.mx\/en\/wp-json\/wp\/v2\/types\/page"}],"author":[{"embeddable":true,"href":"https:\/\/pazydialogo.worldjusticeproject.mx\/en\/wp-json\/wp\/v2\/users\/1"}],"replies":[{"embeddable":true,"href":"https:\/\/pazydialogo.worldjusticeproject.mx\/en\/wp-json\/wp\/v2\/comments?post=103"}],"version-history":[{"count":15,"href":"https:\/\/pazydialogo.worldjusticeproject.mx\/en\/wp-json\/wp\/v2\/pages\/103\/revisions"}],"predecessor-version":[{"id":335,"href":"https:\/\/pazydialogo.worldjusticeproject.mx\/en\/wp-json\/wp\/v2\/pages\/103\/revisions\/335"}],"wp:attachment":[{"href":"https:\/\/pazydialogo.worldjusticeproject.mx\/en\/wp-json\/wp\/v2\/media?parent=103"}],"curies":[{"name":"wp","href":"https:\/\/api.w.org\/{rel}","templated":true}]}}