{"id":11,"date":"2024-09-27T21:53:52","date_gmt":"2024-09-27T21:53:52","guid":{"rendered":"https:\/\/pazydialogo.worldjusticeproject.mx\/?page_id=11"},"modified":"2025-03-06T18:27:54","modified_gmt":"2025-03-06T18:27:54","slug":"inicio","status":"publish","type":"page","link":"https:\/\/pazydialogo.worldjusticeproject.mx\/en\/","title":{"rendered":"Inicio"},"content":{"rendered":"<div data-elementor-type=\"wp-page\" data-elementor-id=\"11\" class=\"elementor elementor-11\" data-elementor-post-type=\"page\">\n\t\t\t\t<div class=\"elementor-element elementor-element-4a7462c e-flex e-con-boxed e-con e-parent\" data-id=\"4a7462c\" data-element_type=\"container\" data-e-type=\"container\">\n\t\t\t\t\t<div class=\"e-con-inner\">\n\t\t<div class=\"elementor-element elementor-element-334542b e-con-full e-flex e-con e-child\" data-id=\"334542b\" data-element_type=\"container\" data-e-type=\"container\">\n\t\t\t\t<div class=\"elementor-element elementor-element-9b8963c elementor-widget-mobile__width-inherit elementor-widget elementor-widget-heading\" data-id=\"9b8963c\" data-element_type=\"widget\" data-e-type=\"widget\" data-widget_type=\"heading.default\">\n\t\t\t\t<div class=\"elementor-widget-container\">\n\t\t\t\t\t<h1 class=\"elementor-heading-title elementor-size-default\">Peace and Dialogue Centers (CPD) of the State of Mexico<\/h1>\t\t\t\t<\/div>\n\t\t\t\t<\/div>\n\t\t\t\t<div class=\"elementor-element elementor-element-e7887a9 elementor-widget-mobile__width-inherit elementor-widget elementor-widget-text-editor\" data-id=\"e7887a9\" data-element_type=\"widget\" data-e-type=\"widget\" data-widget_type=\"text-editor.default\">\n\t\t\t\t<div class=\"elementor-widget-container\">\n\t\t\t\t\t\t\t\t\t<p>Learn about the four Peace and Dialogue Centers of the State of Mexico, the benefits they have in the peaceful resolution of conflicts and the challenges they face<\/p>\t\t\t\t\t\t\t\t<\/div>\n\t\t\t\t<\/div>\n\t\t<div class=\"elementor-element elementor-element-7664c01 e-con-full e-flex e-con e-child\" data-id=\"7664c01\" data-element_type=\"container\" data-e-type=\"container\">\n\t\t\t\t<div class=\"elementor-element elementor-element-fdb69ad elementor-widget__width-initial elementor-widget-mobile__width-inherit elementor-widget elementor-widget-image-box\" data-id=\"fdb69ad\" data-element_type=\"widget\" data-e-type=\"widget\" data-widget_type=\"image-box.default\">\n\t\t\t\t<div class=\"elementor-widget-container\">\n\t\t\t\t\t<div class=\"elementor-image-box-wrapper\"><div class=\"elementor-image-box-content\"><p class=\"elementor-image-box-title\"><a href=\"https:\/\/pazydialogo.worldjusticeproject.mx\/en\/1-introduccion\/\">Chapter 1<\/a><\/p><p class=\"elementor-image-box-description\">Introduction<\/p><\/div><\/div>\t\t\t\t<\/div>\n\t\t\t\t<\/div>\n\t\t\t\t<div class=\"elementor-element elementor-element-0f5b850 elementor-widget__width-initial elementor-widget-mobile__width-inherit elementor-hidden-mobile elementor-widget elementor-widget-image-box\" data-id=\"0f5b850\" data-element_type=\"widget\" data-e-type=\"widget\" data-widget_type=\"image-box.default\">\n\t\t\t\t<div class=\"elementor-widget-container\">\n\t\t\t\t\t<div class=\"elementor-image-box-wrapper\"><div class=\"elementor-image-box-content\"><p class=\"elementor-image-box-title\"><a href=\"https:\/\/pazydialogo.worldjusticeproject.mx\/en\/4-retos\/\">Chapter 4<\/a><\/p><p class=\"elementor-image-box-description\">Challenges<\/p><\/div><\/div>\t\t\t\t<\/div>\n\t\t\t\t<\/div>\n\t\t\t\t<div class=\"elementor-element elementor-element-3d5b0d9 elementor-widget__width-initial elementor-widget-mobile__width-inherit elementor-hidden-desktop elementor-hidden-tablet elementor-widget elementor-widget-image-box\" data-id=\"3d5b0d9\" data-element_type=\"widget\" data-e-type=\"widget\" data-widget_type=\"image-box.default\">\n\t\t\t\t<div class=\"elementor-widget-container\">\n\t\t\t\t\t<div class=\"elementor-image-box-wrapper\"><div class=\"elementor-image-box-content\"><p class=\"elementor-image-box-title\"><a href=\"https:\/\/pazydialogo.worldjusticeproject.mx\/en\/3-centros\/\">Chapter 3<\/a><\/p><p class=\"elementor-image-box-description\">Peace and dialogue centers<\/p><\/div><\/div>\t\t\t\t<\/div>\n\t\t\t\t<\/div>\n\t\t\t\t<\/div>\n\t\t<div class=\"elementor-element elementor-element-9f2b675 e-con-full e-flex e-con e-child\" data-id=\"9f2b675\" data-element_type=\"container\" data-e-type=\"container\">\n\t\t\t\t<div class=\"elementor-element elementor-element-9b6efc7 elementor-widget__width-initial elementor-widget-mobile__width-inherit elementor-widget elementor-widget-image-box\" data-id=\"9b6efc7\" data-element_type=\"widget\" data-e-type=\"widget\" data-widget_type=\"image-box.default\">\n\t\t\t\t<div class=\"elementor-widget-container\">\n\t\t\t\t\t<div class=\"elementor-image-box-wrapper\"><div class=\"elementor-image-box-content\"><p class=\"elementor-image-box-title\"><a href=\"https:\/\/pazydialogo.worldjusticeproject.mx\/en\/2-comunidades\/\">Chapter 2<\/a><\/p><p class=\"elementor-image-box-description\">Communities<\/p><\/div><\/div>\t\t\t\t<\/div>\n\t\t\t\t<\/div>\n\t\t\t\t<div class=\"elementor-element elementor-element-6f027cd elementor-widget__width-initial elementor-widget-mobile__width-inherit elementor-hidden-desktop elementor-hidden-tablet elementor-widget elementor-widget-image-box\" data-id=\"6f027cd\" data-element_type=\"widget\" data-e-type=\"widget\" data-widget_type=\"image-box.default\">\n\t\t\t\t<div class=\"elementor-widget-container\">\n\t\t\t\t\t<div class=\"elementor-image-box-wrapper\"><div class=\"elementor-image-box-content\"><p class=\"elementor-image-box-title\"><a href=\"https:\/\/pazydialogo.worldjusticeproject.mx\/en\/4-retos\/\">Chapter 4<\/a><\/p><p class=\"elementor-image-box-description\">Challenges<\/p><\/div><\/div>\t\t\t\t<\/div>\n\t\t\t\t<\/div>\n\t\t\t\t<div class=\"elementor-element elementor-element-7561b50 elementor-widget__width-initial elementor-widget-mobile__width-inherit elementor-hidden-mobile elementor-widget elementor-widget-image-box\" data-id=\"7561b50\" data-element_type=\"widget\" data-e-type=\"widget\" data-widget_type=\"image-box.default\">\n\t\t\t\t<div class=\"elementor-widget-container\">\n\t\t\t\t\t<div class=\"elementor-image-box-wrapper\"><div class=\"elementor-image-box-content\"><p class=\"elementor-image-box-title\"><a href=\"https:\/\/pazydialogo.worldjusticeproject.mx\/en\/5-reflexiones\/\">Chapter 5<\/a><\/p><p class=\"elementor-image-box-description\">Reflections<\/p><\/div><\/div>\t\t\t\t<\/div>\n\t\t\t\t<\/div>\n\t\t\t\t<\/div>\n\t\t<div class=\"elementor-element elementor-element-0b4ea62 e-flex e-con-boxed e-con e-child\" data-id=\"0b4ea62\" data-element_type=\"container\" data-e-type=\"container\">\n\t\t\t\t\t<div class=\"e-con-inner\">\n\t\t\t\t<div class=\"elementor-element elementor-element-0e8518e elementor-widget__width-initial elementor-widget-mobile__width-inherit elementor-hidden-mobile elementor-widget elementor-widget-image-box\" data-id=\"0e8518e\" data-element_type=\"widget\" data-e-type=\"widget\" data-widget_type=\"image-box.default\">\n\t\t\t\t<div class=\"elementor-widget-container\">\n\t\t\t\t\t<div class=\"elementor-image-box-wrapper\"><div class=\"elementor-image-box-content\"><p class=\"elementor-image-box-title\"><a href=\"https:\/\/pazydialogo.worldjusticeproject.mx\/en\/3-centros\/\">Chapter 3<\/a><\/p><p class=\"elementor-image-box-description\">Peace and dialogue centers<\/p><\/div><\/div>\t\t\t\t<\/div>\n\t\t\t\t<\/div>\n\t\t\t\t<div class=\"elementor-element elementor-element-304b006 elementor-widget__width-initial elementor-widget-mobile__width-inherit elementor-hidden-desktop elementor-hidden-tablet elementor-widget elementor-widget-image-box\" data-id=\"304b006\" data-element_type=\"widget\" data-e-type=\"widget\" data-widget_type=\"image-box.default\">\n\t\t\t\t<div class=\"elementor-widget-container\">\n\t\t\t\t\t<div class=\"elementor-image-box-wrapper\"><div class=\"elementor-image-box-content\"><p class=\"elementor-image-box-title\"><a href=\"https:\/\/pazydialogo.worldjusticeproject.mx\/en\/5-reflexiones\/\">Chapter 5<\/a><\/p><p class=\"elementor-image-box-description\">Reflections<\/p><\/div><\/div>\t\t\t\t<\/div>\n\t\t\t\t<\/div>\n\t\t\t\t\t<\/div>\n\t\t\t\t<\/div>\n\t\t\t\t<\/div>\n\t\t<div class=\"elementor-element elementor-element-ad48972 e-con-full e-flex e-con e-child\" data-id=\"ad48972\" data-element_type=\"container\" data-e-type=\"container\" data-settings=\"{&quot;background_background&quot;:&quot;classic&quot;}\">\n\t\t\t\t<\/div>\n\t\t\t\t\t<\/div>\n\t\t\t\t<\/div>\n\t\t<div class=\"elementor-element elementor-element-aeb6891 e-flex e-con-boxed e-con e-parent\" data-id=\"aeb6891\" data-element_type=\"container\" data-e-type=\"container\" data-settings=\"{&quot;background_background&quot;:&quot;classic&quot;}\">\n\t\t\t\t\t<div class=\"e-con-inner\">\n\t\t\t\t<div class=\"elementor-element elementor-element-eff25f9 elementor-widget elementor-widget-heading\" data-id=\"eff25f9\" data-element_type=\"widget\" data-e-type=\"widget\" data-widget_type=\"heading.default\">\n\t\t\t\t<div class=\"elementor-widget-container\">\n\t\t\t\t\t<h2 class=\"elementor-heading-title elementor-size-default\">PRESENTATION<\/h2>\t\t\t\t<\/div>\n\t\t\t\t<\/div>\n\t\t\t\t<div class=\"elementor-element elementor-element-8fa0339 elementor-widget elementor-widget-heading\" data-id=\"8fa0339\" data-element_type=\"widget\" data-e-type=\"widget\" data-widget_type=\"heading.default\">\n\t\t\t\t<div class=\"elementor-widget-container\">\n\t\t\t\t\t<p class=\"elementor-heading-title elementor-size-default\">The Peace and Dialogue Centers emerged in 2019 in the State of Mexico and are a community space to resolve conflicts through dialogue. The centers help overcome different barriers that indigenous people face in addressing their justice needs, such as distances, costs, language barriers, stereotypes and formalistic processes.<\/p>\t\t\t\t<\/div>\n\t\t\t\t<\/div>\n\t\t\t\t\t<\/div>\n\t\t\t\t<\/div>\n\t\t<div class=\"elementor-element elementor-element-ebfb114 e-flex e-con-boxed e-con e-parent\" data-id=\"ebfb114\" data-element_type=\"container\" data-e-type=\"container\" data-settings=\"{&quot;background_background&quot;:&quot;classic&quot;}\">\n\t\t\t\t\t<div class=\"e-con-inner\">\n\t\t<div class=\"elementor-element elementor-element-7a9d21e e-con-full e-flex e-con e-child\" data-id=\"7a9d21e\" data-element_type=\"container\" data-e-type=\"container\">\n\t\t\t\t<div class=\"elementor-element elementor-element-7f60075 elementor-widget elementor-widget-heading\" data-id=\"7f60075\" data-element_type=\"widget\" data-e-type=\"widget\" data-widget_type=\"heading.default\">\n\t\t\t\t<div class=\"elementor-widget-container\">\n\t\t\t\t\t<h2 class=\"elementor-heading-title elementor-size-default\">Closeness and cultural relevance is what these centers offer their communities.<\/h2>\t\t\t\t<\/div>\n\t\t\t\t<\/div>\n\t\t\t\t<\/div>\n\t\t<div class=\"elementor-element elementor-element-be32217 e-con-full e-flex e-con e-child\" data-id=\"be32217\" data-element_type=\"container\" data-e-type=\"container\">\n\t\t\t\t<div class=\"elementor-element elementor-element-6b64af5 elementor-widget elementor-widget-text-editor\" data-id=\"6b64af5\" data-element_type=\"widget\" data-e-type=\"widget\" data-widget_type=\"text-editor.default\">\n\t\t\t\t<div class=\"elementor-widget-container\">\n\t\t\t\t\t\t\t\t\t<p>The Peace and Dialogue Centers are operated by recognized and validated people within their community, who have experience managing various conflicts in their own communities and use tools of alternative justice. The interaction of community practices and the principles of alternative justice ensure that the centers are accessible, useful and culturally relevant spaces. Aside from their benefits in expanding access to justice, the Centers face different challenges regarding their sustainability and significant challenges regarding their support by the communities themselves and the support and recognition by the Judicial Branch of the State of Mexico and the City Councils.\u00a0\u00a0<\/p><p>This research is part of the project \u201cStrengthening access to justice for indigenous communities in the State of Mexico through the Centers for Peace and Dialogue\u201d, implemented with funding from the Canada Fund for Local Initiatives (FCIL). This project focuses on researching the Peace and Dialogue Centers of the State of Mexico, making their operators and users visible, and strengthening them through exchanges of experiences and learning between indigenous mediators from different countries.\u00a0\u00a0<\/p><p>The FCIL is a program of the Canadian Embassy to support projects with high impact in developing countries, aligned with the priority thematic areas of Global Affairs Canada, among which are inclusive governance, peace and security, gender equality and the empowerment of women and girls.<\/p>\t\t\t\t\t\t\t\t<\/div>\n\t\t\t\t<\/div>\n\t\t<div class=\"elementor-element elementor-element-9b23040 e-con-full e-flex e-con e-child\" data-id=\"9b23040\" data-element_type=\"container\" data-e-type=\"container\">\n\t\t\t\t<div class=\"elementor-element elementor-element-4ebab93 elementor-widget elementor-widget-button\" data-id=\"4ebab93\" data-element_type=\"widget\" data-e-type=\"widget\" data-widget_type=\"button.default\">\n\t\t\t\t<div class=\"elementor-widget-container\">\n\t\t\t\t\t\t\t\t\t<div class=\"elementor-button-wrapper\">\n\t\t\t\t\t<a class=\"elementor-button elementor-button-link elementor-size-sm\" href=\"https:\/\/pazydialogo.worldjusticeproject.mx\/wp-content\/uploads\/sites\/2\/2024\/10\/Centros-de-Paz-y-DialogoENG_OCT2024_V2.pdf\" target=\"_blank\">\n\t\t\t\t\t\t<span class=\"elementor-button-content-wrapper\">\n\t\t\t\t\t\t\t\t\t<span class=\"elementor-button-text\">Consulta \"Centros de Paz y Di\u00e1logo: un modelo de justicia alternativa y comunitaria en el Estado de M\u00e9xico\" aqu\u00ed <\/span>\n\t\t\t\t\t<\/span>\n\t\t\t\t\t<\/a>\n\t\t\t\t<\/div>\n\t\t\t\t\t\t\t\t<\/div>\n\t\t\t\t<\/div>\n\t\t\t\t<div class=\"elementor-element elementor-element-8ba3ffe elementor-widget elementor-widget-button\" data-id=\"8ba3ffe\" data-element_type=\"widget\" data-e-type=\"widget\" data-widget_type=\"button.default\">\n\t\t\t\t<div class=\"elementor-widget-container\">\n\t\t\t\t\t\t\t\t\t<div class=\"elementor-button-wrapper\">\n\t\t\t\t\t<a class=\"elementor-button elementor-button-link elementor-size-sm\" href=\"https:\/\/pazydialogo.worldjusticeproject.mx\/wp-content\/uploads\/sites\/2\/2025\/03\/Reporte-Conflicto-socioambiental_VF.pdf\" target=\"_blank\">\n\t\t\t\t\t\t<span class=\"elementor-button-content-wrapper\">\n\t\t\t\t\t\t\t\t\t<span class=\"elementor-button-text\">Consulta \"Conflicto socioambiental en San Juan Atzingo: estrategias comunitarias frente a la tala ilegal\" aqu\u00ed <\/span>\n\t\t\t\t\t<\/span>\n\t\t\t\t\t<\/a>\n\t\t\t\t<\/div>\n\t\t\t\t\t\t\t\t<\/div>\n\t\t\t\t<\/div>\n\t\t\t\t<\/div>\n\t\t\t\t<\/div>\n\t\t\t\t\t<\/div>\n\t\t\t\t<\/div>\n\t\t\t\t<\/div>","protected":false},"excerpt":{"rendered":"<p>Centros de Paz y Di\u00e1logo (CPD) del Estado de M\u00e9xico Conoce los cuatro Centros de Paz y Di\u00e1logo del Estado de M\u00e9xico, los beneficios que tienen en la resoluci\u00f3n pac\u00edfica de conflictos y los retos que enfrentan. Capitulo 1 introducci\u00f3n Cap\u00edtulo 4 Retos Cap\u00edtulo 3 Centros de Paz y Di\u00e1logo Cap\u00edtulo 2 Comunidades Cap\u00edtulo 4 [&hellip;]<\/p>\n","protected":false},"author":1,"featured_media":314,"parent":0,"menu_order":0,"comment_status":"closed","ping_status":"closed","template":"","meta":{"footnotes":""},"class_list":["post-11","page","type-page","status-publish","has-post-thumbnail","hentry"],"_links":{"self":[{"href":"https:\/\/pazydialogo.worldjusticeproject.mx\/en\/wp-json\/wp\/v2\/pages\/11","targetHints":{"allow":["GET"]}}],"collection":[{"href":"https:\/\/pazydialogo.worldjusticeproject.mx\/en\/wp-json\/wp\/v2\/pages"}],"about":[{"href":"https:\/\/pazydialogo.worldjusticeproject.mx\/en\/wp-json\/wp\/v2\/types\/page"}],"author":[{"embeddable":true,"href":"https:\/\/pazydialogo.worldjusticeproject.mx\/en\/wp-json\/wp\/v2\/users\/1"}],"replies":[{"embeddable":true,"href":"https:\/\/pazydialogo.worldjusticeproject.mx\/en\/wp-json\/wp\/v2\/comments?post=11"}],"version-history":[{"count":15,"href":"https:\/\/pazydialogo.worldjusticeproject.mx\/en\/wp-json\/wp\/v2\/pages\/11\/revisions"}],"predecessor-version":[{"id":320,"href":"https:\/\/pazydialogo.worldjusticeproject.mx\/en\/wp-json\/wp\/v2\/pages\/11\/revisions\/320"}],"wp:featuredmedia":[{"embeddable":true,"href":"https:\/\/pazydialogo.worldjusticeproject.mx\/en\/wp-json\/wp\/v2\/media\/314"}],"wp:attachment":[{"href":"https:\/\/pazydialogo.worldjusticeproject.mx\/en\/wp-json\/wp\/v2\/media?parent=11"}],"curies":[{"name":"wp","href":"https:\/\/api.w.org\/{rel}","templated":true}]}}