{"id":94,"date":"2024-09-27T22:27:44","date_gmt":"2024-09-27T22:27:44","guid":{"rendered":"https:\/\/pazydialogo.worldjusticeproject.mx\/?page_id=94"},"modified":"2025-03-06T18:31:17","modified_gmt":"2025-03-06T18:31:17","slug":"4-retos","status":"publish","type":"page","link":"https:\/\/pazydialogo.worldjusticeproject.mx\/en\/4-retos\/","title":{"rendered":"4. Challenges"},"content":{"rendered":"<div data-elementor-type=\"wp-page\" data-elementor-id=\"94\" class=\"elementor elementor-94\" data-elementor-post-type=\"page\">\n\t\t\t\t<div class=\"elementor-element elementor-element-7d28149 e-flex e-con-boxed e-con e-parent\" data-id=\"7d28149\" data-element_type=\"container\" data-e-type=\"container\" data-settings=\"{&quot;background_background&quot;:&quot;classic&quot;}\">\n\t\t\t\t\t<div class=\"e-con-inner\">\n\t\t<div class=\"elementor-element elementor-element-67ae118 e-con-full e-flex e-con e-child\" data-id=\"67ae118\" data-element_type=\"container\" data-e-type=\"container\">\n\t\t<div class=\"elementor-element elementor-element-6bc70ee e-flex e-con-boxed e-con e-child\" data-id=\"6bc70ee\" data-element_type=\"container\" data-e-type=\"container\">\n\t\t\t\t\t<div class=\"e-con-inner\">\n\t\t\t\t<div class=\"elementor-element elementor-element-37b6c87 elementor-widget elementor-widget-heading\" data-id=\"37b6c87\" data-element_type=\"widget\" data-e-type=\"widget\" data-widget_type=\"heading.default\">\n\t\t\t\t<div class=\"elementor-widget-container\">\n\t\t\t\t\t<h2 class=\"elementor-heading-title elementor-size-default\">4. CHALLENGES<\/h2>\t\t\t\t<\/div>\n\t\t\t\t<\/div>\n\t\t\t\t<div class=\"elementor-element elementor-element-41ae0e3 elementor-widget elementor-widget-heading\" data-id=\"41ae0e3\" data-element_type=\"widget\" data-e-type=\"widget\" data-widget_type=\"heading.default\">\n\t\t\t\t<div class=\"elementor-widget-container\">\n\t\t\t\t\t<h1 class=\"elementor-heading-title elementor-size-default\">The challenges faced by the Centers put their operation at risk.<\/h1>\t\t\t\t<\/div>\n\t\t\t\t<\/div>\n\t\t\t\t\t<\/div>\n\t\t\t\t<\/div>\n\t\t<div class=\"elementor-element elementor-element-ea2ddf3 e-flex e-con-boxed e-con e-child\" data-id=\"ea2ddf3\" data-element_type=\"container\" data-e-type=\"container\">\n\t\t\t\t\t<div class=\"e-con-inner\">\n\t\t\t\t<div class=\"elementor-element elementor-element-4e2945c elementor-widget elementor-widget-heading\" data-id=\"4e2945c\" data-element_type=\"widget\" data-e-type=\"widget\" data-widget_type=\"heading.default\">\n\t\t\t\t<div class=\"elementor-widget-container\">\n\t\t\t\t\t<h2 class=\"elementor-heading-title elementor-size-default\">Explore: <\/h2>\t\t\t\t<\/div>\n\t\t\t\t<\/div>\n\t\t\t\t<div class=\"elementor-element elementor-element-7e3ebbb elementor-mobile-align-justify elementor-widget elementor-widget-button\" data-id=\"7e3ebbb\" data-element_type=\"widget\" data-e-type=\"widget\" data-widget_type=\"button.default\">\n\t\t\t\t<div class=\"elementor-widget-container\">\n\t\t\t\t\t\t\t\t\t<div class=\"elementor-button-wrapper\">\n\t\t\t\t\t<a class=\"elementor-button elementor-button-link elementor-size-sm\" href=\"#sostenibilidad\">\n\t\t\t\t\t\t<span class=\"elementor-button-content-wrapper\">\n\t\t\t\t\t\t\t\t\t<span class=\"elementor-button-text\">4.1 SUSTAINABILITY<\/span>\n\t\t\t\t\t<\/span>\n\t\t\t\t\t<\/a>\n\t\t\t\t<\/div>\n\t\t\t\t\t\t\t\t<\/div>\n\t\t\t\t<\/div>\n\t\t\t\t<div class=\"elementor-element elementor-element-e7f799a elementor-mobile-align-justify elementor-widget elementor-widget-button\" data-id=\"e7f799a\" data-element_type=\"widget\" data-e-type=\"widget\" data-widget_type=\"button.default\">\n\t\t\t\t<div class=\"elementor-widget-container\">\n\t\t\t\t\t\t\t\t\t<div class=\"elementor-button-wrapper\">\n\t\t\t\t\t<a class=\"elementor-button elementor-button-link elementor-size-sm\" href=\"#vinculos-clave\">\n\t\t\t\t\t\t<span class=\"elementor-button-content-wrapper\">\n\t\t\t\t\t\t\t\t\t<span class=\"elementor-button-text\">4.2 KEY PARTNERSHIPS<\/span>\n\t\t\t\t\t<\/span>\n\t\t\t\t\t<\/a>\n\t\t\t\t<\/div>\n\t\t\t\t\t\t\t\t<\/div>\n\t\t\t\t<\/div>\n\t\t\t\t\t<\/div>\n\t\t\t\t<\/div>\n\t\t\t\t<\/div>\n\t\t<div class=\"elementor-element elementor-element-f685a0d e-con-full e-flex e-con e-child\" data-id=\"f685a0d\" data-element_type=\"container\" data-e-type=\"container\" data-settings=\"{&quot;background_background&quot;:&quot;classic&quot;}\">\n\t\t\t\t<\/div>\n\t\t\t\t\t<\/div>\n\t\t\t\t<\/div>\n\t\t<div class=\"elementor-element elementor-element-033a188 e-flex e-con-boxed e-con e-parent\" data-id=\"033a188\" data-element_type=\"container\" data-e-type=\"container\" id=\"sostenibilidad\" data-settings=\"{&quot;background_background&quot;:&quot;classic&quot;}\">\n\t\t\t\t\t<div class=\"e-con-inner\">\n\t\t\t\t<div class=\"elementor-element elementor-element-74cb358 elementor-widget elementor-widget-heading\" data-id=\"74cb358\" data-element_type=\"widget\" data-e-type=\"widget\" data-widget_type=\"heading.default\">\n\t\t\t\t<div class=\"elementor-widget-container\">\n\t\t\t\t\t<h2 class=\"elementor-heading-title elementor-size-default\">4.1 SUSTAINABILITY<\/h2>\t\t\t\t<\/div>\n\t\t\t\t<\/div>\n\t\t\t\t<div class=\"elementor-element elementor-element-ae33e7b elementor-widget elementor-widget-heading\" data-id=\"ae33e7b\" data-element_type=\"widget\" data-e-type=\"widget\" data-widget_type=\"heading.default\">\n\t\t\t\t<div class=\"elementor-widget-container\">\n\t\t\t\t\t<p class=\"elementor-heading-title elementor-size-default\">An important challenge faced by PDCs is sustainability. Although each Center has its own history and arose from a specific context, there is a shared concern about how to overcome the different economic and human resource needs for its operation.<\/p>\t\t\t\t<\/div>\n\t\t\t\t<\/div>\n\t\t\t\t\t<\/div>\n\t\t\t\t<\/div>\n\t\t<div class=\"elementor-element elementor-element-c377c89 e-flex e-con-boxed e-con e-parent\" data-id=\"c377c89\" data-element_type=\"container\" data-e-type=\"container\">\n\t\t\t\t\t<div class=\"e-con-inner\">\n\t\t<div class=\"elementor-element elementor-element-a32a7a8 e-con-full e-flex e-con e-child\" data-id=\"a32a7a8\" data-element_type=\"container\" data-e-type=\"container\">\n\t\t\t\t<div class=\"elementor-element elementor-element-93aca1e elementor-widget elementor-widget-image\" data-id=\"93aca1e\" data-element_type=\"widget\" data-e-type=\"widget\" data-widget_type=\"image.default\">\n\t\t\t\t<div class=\"elementor-widget-container\">\n\t\t\t\t\t\t\t\t\t\t\t\t\t\t\t<img fetchpriority=\"high\" decoding=\"async\" width=\"586\" height=\"619\" src=\"https:\/\/pazydialogo.worldjusticeproject.mx\/wp-content\/uploads\/sites\/2\/2024\/09\/Reto-1.png\" class=\"attachment-large size-large wp-image-98\" alt=\"\" srcset=\"https:\/\/pazydialogo.worldjusticeproject.mx\/wp-content\/uploads\/sites\/2\/2024\/09\/Reto-1.png 586w, https:\/\/pazydialogo.worldjusticeproject.mx\/wp-content\/uploads\/sites\/2\/2024\/09\/Reto-1-284x300.png 284w, https:\/\/pazydialogo.worldjusticeproject.mx\/wp-content\/uploads\/sites\/2\/2024\/09\/Reto-1-11x12.png 11w\" sizes=\"(max-width: 586px) 100vw, 586px\" \/>\t\t\t\t\t\t\t\t\t\t\t\t\t\t\t<\/div>\n\t\t\t\t<\/div>\n\t\t\t\t<div class=\"elementor-element elementor-element-7b70629 elementor-widget__width-initial elementor-widget-mobile__width-inherit elementor-widget elementor-widget-text-editor\" data-id=\"7b70629\" data-element_type=\"widget\" data-e-type=\"widget\" data-widget_type=\"text-editor.default\">\n\t\t\t\t<div class=\"elementor-widget-container\">\n\t\t\t\t\t\t\t\t\t<p>Zinacantepec Peace and Dialogue Center<\/p>\t\t\t\t\t\t\t\t<\/div>\n\t\t\t\t<\/div>\n\t\t\t\t<\/div>\n\t\t<div class=\"elementor-element elementor-element-608e791 e-con-full e-flex e-con e-child\" data-id=\"608e791\" data-element_type=\"container\" data-e-type=\"container\">\n\t\t\t\t<div class=\"elementor-element elementor-element-734a6ed elementor-widget elementor-widget-text-editor\" data-id=\"734a6ed\" data-element_type=\"widget\" data-e-type=\"widget\" data-widget_type=\"text-editor.default\">\n\t\t\t\t<div class=\"elementor-widget-container\">\n\t\t\t\t\t\t\t\t\t<p>Pueblo Nuevo, the longest-running PDC open since 2019, has managed to subsist over the years because of the commitment of individuals operating it in the past and who continue to do so, including the support provided by PJEdoMex\u2019s mediator Guillermo Mart\u00ednez.\u00a0<\/p><p>In the case of San Juan Atzingo, the PDC has been in operation for over six months and has assisted more than 50 people, according to records. However, given the constant lack of gratification, the person operating the Center has expressed concern over their continuation. In the cases of San Miguel Almaya and Zinacantepec, the uncertainty is greater due to their recent opening and lack of regular operation. An additional challenge is the dissemination of Centers, as well as the services they offer, as often times, people do not approach them because they do not know about them.<\/p>\t\t\t\t\t\t\t\t<\/div>\n\t\t\t\t<\/div>\n\t\t\t\t<\/div>\n\t\t\t\t\t<\/div>\n\t\t\t\t<\/div>\n\t\t<div class=\"elementor-element elementor-element-c8307fd e-flex e-con-boxed e-con e-parent\" data-id=\"c8307fd\" data-element_type=\"container\" data-e-type=\"container\" id=\"vinculos-clave\" data-settings=\"{&quot;background_background&quot;:&quot;classic&quot;}\">\n\t\t\t\t\t<div class=\"e-con-inner\">\n\t\t\t\t<div class=\"elementor-element elementor-element-a3bf6c7 elementor-widget elementor-widget-heading\" data-id=\"a3bf6c7\" data-element_type=\"widget\" data-e-type=\"widget\" data-widget_type=\"heading.default\">\n\t\t\t\t<div class=\"elementor-widget-container\">\n\t\t\t\t\t<h2 class=\"elementor-heading-title elementor-size-default\">4.2 KEY PARTNERSHIPS<\/h2>\t\t\t\t<\/div>\n\t\t\t\t<\/div>\n\t\t\t\t<div class=\"elementor-element elementor-element-c406875 elementor-widget elementor-widget-heading\" data-id=\"c406875\" data-element_type=\"widget\" data-e-type=\"widget\" data-widget_type=\"heading.default\">\n\t\t\t\t<div class=\"elementor-widget-container\">\n\t\t\t\t\t<p class=\"elementor-heading-title elementor-size-default\">A key aspect are the connections of Peace and Dialogue Centers with different institutions, as well as with the community from which they emerge, because these linkages allow us to understand the degree of presence, or the absence of support, visibility, legitimacy, recognition, and appropriation.<\/p>\t\t\t\t<\/div>\n\t\t\t\t<\/div>\n\t\t\t\t\t<\/div>\n\t\t\t\t<\/div>\n\t\t<div class=\"elementor-element elementor-element-9dc5b13 e-flex e-con-boxed e-con e-parent\" data-id=\"9dc5b13\" data-element_type=\"container\" data-e-type=\"container\">\n\t\t\t\t\t<div class=\"e-con-inner\">\n\t\t<div class=\"elementor-element elementor-element-1339ce9 e-con-full e-flex e-con e-child\" data-id=\"1339ce9\" data-element_type=\"container\" data-e-type=\"container\">\n\t\t\t\t<div class=\"elementor-element elementor-element-00a2111 elementor-widget elementor-widget-heading\" data-id=\"00a2111\" data-element_type=\"widget\" data-e-type=\"widget\" data-widget_type=\"heading.default\">\n\t\t\t\t<div class=\"elementor-widget-container\">\n\t\t\t\t\t<h2 class=\"elementor-heading-title elementor-size-default\">The link with the community does not mean that the CPD is assumed as their own since in none of the interviews did the people from the communities state that the CPD belonged to the community.<\/h2>\t\t\t\t<\/div>\n\t\t\t\t<\/div>\n\t\t\t\t<div class=\"elementor-element elementor-element-42a812a elementor-widget elementor-widget-image\" data-id=\"42a812a\" data-element_type=\"widget\" data-e-type=\"widget\" data-widget_type=\"image.default\">\n\t\t\t\t<div class=\"elementor-widget-container\">\n\t\t\t\t\t\t\t\t\t\t\t\t\t\t\t<img decoding=\"async\" width=\"528\" height=\"583\" src=\"https:\/\/pazydialogo.worldjusticeproject.mx\/wp-content\/uploads\/sites\/2\/2024\/09\/Reto-2.png\" class=\"attachment-large size-large wp-image-99\" alt=\"\" srcset=\"https:\/\/pazydialogo.worldjusticeproject.mx\/wp-content\/uploads\/sites\/2\/2024\/09\/Reto-2.png 528w, https:\/\/pazydialogo.worldjusticeproject.mx\/wp-content\/uploads\/sites\/2\/2024\/09\/Reto-2-272x300.png 272w, https:\/\/pazydialogo.worldjusticeproject.mx\/wp-content\/uploads\/sites\/2\/2024\/09\/Reto-2-11x12.png 11w\" sizes=\"(max-width: 528px) 100vw, 528px\" \/>\t\t\t\t\t\t\t\t\t\t\t\t\t\t\t<\/div>\n\t\t\t\t<\/div>\n\t\t\t\t<div class=\"elementor-element elementor-element-c0b3270 elementor-widget__width-initial elementor-widget-mobile__width-inherit elementor-widget elementor-widget-text-editor\" data-id=\"c0b3270\" data-element_type=\"widget\" data-e-type=\"widget\" data-widget_type=\"text-editor.default\">\n\t\t\t\t<div class=\"elementor-widget-container\">\n\t\t\t\t\t\t\t\t\t<p>San Miguel Almaya community authorities<\/p>\t\t\t\t\t\t\t\t<\/div>\n\t\t\t\t<\/div>\n\t\t\t\t<\/div>\n\t\t<div class=\"elementor-element elementor-element-4d52779 e-con-full e-flex e-con e-child\" data-id=\"4d52779\" data-element_type=\"container\" data-e-type=\"container\">\n\t\t\t\t<div class=\"elementor-element elementor-element-9ae3802 elementor-widget elementor-widget-text-editor\" data-id=\"9ae3802\" data-element_type=\"widget\" data-e-type=\"widget\" data-widget_type=\"text-editor.default\">\n\t\t\t\t<div class=\"elementor-widget-container\">\n\t\t\t\t\t\t\t\t\t<p class=\"translation-block\">As for the links between the Centers and other institutions, other challenges exist. Although the impulse provided by the PJEdoMex has been a determining factor for the creation of these Peace and Dialogue Centers, through accompaniment, logistics, and support with necessary furniture to set them up, and training for their operation.<\/p><p><span style=\"font-weight: 400;\">Assistance without formal recognition leads to uncertainty about the Center\u2019s sustainability needs. This includes concerns about economic compensation for mediators and the legal clarity of the work performed, such as which matters should be mediated and the legal standing of the agreements reached. These issues represent significant challenges. The absence of legal recognition of the agreements implies, in turn, the lack of validation of the very community mechanisms that are part of the ethnic identity and social and political organization of these people. This lack of validation highlights the ambivalence of the PJEdoMex\u2019s support and the need to clarify or recognize the legal scope of the Centers\u2019 work, as well as the budgetary commitment sustaining it and, to a larger extent, determining its operation.<\/span><\/p><p>\u00a0<\/p><p class=\"translation-block\">The link between the Centers and communities can be seen in their location. All of them, except for the one in Zinacantepec, are located in the offices of a community authority. Similarly, those who operate the Centers have community validation due to their track record. They were awarded their positions by the Assembly, based on their community work and recognition. A close relationship between the community and delegates is clear -except in Zinacantepec- and the delegates are directly or indirectly involved, either because they operate the Center, as is the case in Pueblo Nuevo, or because they refer cases to them, as in San Juan Atzingo, or because they were participants in opening the Center, as in San Miguel Almaya with the PJEdoMex. Furthermore, users in San Juan Atzingo speak positively of the Center, in the words of Pilar Gonz\u00e1lez said: \u201cThis is progress; we find it surprising to have one here in town\u201d.<\/p><p><span style=\"font-weight: 400;\">\u00a0<\/span><\/p>\t\t\t\t\t\t\t\t<\/div>\n\t\t\t\t<\/div>\n\t\t\t\t<\/div>\n\t\t\t\t\t<\/div>\n\t\t\t\t<\/div>\n\t\t<div class=\"elementor-element elementor-element-e9bfe22 e-flex e-con-boxed e-con e-parent\" data-id=\"e9bfe22\" data-element_type=\"container\" data-e-type=\"container\">\n\t\t\t\t\t<div class=\"e-con-inner\">\n\t\t\t\t<div class=\"elementor-element elementor-element-089e1b1 elementor-widget elementor-widget-text-editor\" data-id=\"089e1b1\" data-element_type=\"widget\" data-e-type=\"widget\" data-widget_type=\"text-editor.default\">\n\t\t\t\t<div class=\"elementor-widget-container\">\n\t\t\t\t\t\t\t\t\t<p><span style=\"font-weight: 400;\">The connection with the community does not mean that the PDCs are assumed as their own. None of the interviews stated that PDCs belong to the community. In contrast, the PJEdoMex perspective is that: \u201cthe PDCs belong to the community and therefore the community needs to run them\u201d (Iris P\u00e9rez Maruri, PJEdoMex mediator). The idea that PDCs belong to the communities is even more distant in recently inaugurated Centers. For example, in San Miguel Almaya, one of the potential and future facilitators at the Center, \u00d3scar Alejandro, President of the Council of Elders of San Miguel Almaya, stated that he was unclear about the objective of opening a space to resolve community problems. He added that, in his communities, over time and as a result of ancestral practices, conflicts have always been solved through dialogue.<\/span><\/p><p class=\"translation-block\">The latter highlights, on the one hand, that communities have their own mechanisms to resolve their conflicts and, on the other, the effort of government institutions to formalize these practices and mechanisms through the PDCs. In other words, it involves formalizing the original practices of the communities within an institutional framework. This formalization is reflected in the communities\u2019 lack of ownership or acceptance of the institutionalization. Furthermore, this lack of appropriation is also evident in the sustainability challenge, as communities overcome difficulties and obstacles to maintain services that they understand as their own and that are validated in assembly. In this case, and from the perspective of the interviewees, the Centers belong to the Judicial Power.<\/p><p class=\"translation-block\">For example, In San Miguel Almaya and San Juan Atzingo, the relationship with the municipal seat has been undermined by various conflicts exacerbated by discriminatory treatment that dates back decades and has led them to reaffirm themselves as autonomous communities. Two of the Centers, Zinacantepec and Pueblo Nuevo, do maintain some kind of link with the municipality's town hall, either for political reasons or because of commitments by the town hall to host the PDC. In the case of Zinacantepec, the municipal president secretary mentioned the possibility, provided there was consensus between Otom\u00ed and N\u00e1huatl ethnic groups, of integrating and hosting the PDC within the municipal organic structure. To date, this has not occurred. In the case of Pueblo Nuevo, initially there was closeness with the municipality, primarily with the goal of promoting the PDC\u2019s creation, but it is not part of the municipal structure of Acambay and its operation is in the hands of the community. The linkage or lack thereof with municipalities does not determine whether PDCs prosper or fail, although it could be beneficial for them.<\/p>\t\t\t\t\t\t\t\t<\/div>\n\t\t\t\t<\/div>\n\t\t\t\t<div class=\"elementor-element elementor-element-3750845 elementor-widget elementor-widget-button\" data-id=\"3750845\" data-element_type=\"widget\" data-e-type=\"widget\" data-widget_type=\"button.default\">\n\t\t\t\t<div class=\"elementor-widget-container\">\n\t\t\t\t\t\t\t\t\t<div class=\"elementor-button-wrapper\">\n\t\t\t\t\t<a class=\"elementor-button elementor-button-link elementor-size-sm\" href=\"https:\/\/pazydialogo.worldjusticeproject.mx\/wp-content\/uploads\/sites\/2\/2024\/10\/Centros-de-Paz-y-DialogoENG_OCT2024_V2.pdf\" target=\"_blank\">\n\t\t\t\t\t\t<span class=\"elementor-button-content-wrapper\">\n\t\t\t\t\t\t\t\t\t<span class=\"elementor-button-text\">Consulta \"Centros de Paz y Di\u00e1logo: un modelo de justicia alternativa y comunitaria en el Estado de M\u00e9xico\" aqu\u00ed <\/span>\n\t\t\t\t\t<\/span>\n\t\t\t\t\t<\/a>\n\t\t\t\t<\/div>\n\t\t\t\t\t\t\t\t<\/div>\n\t\t\t\t<\/div>\n\t\t\t\t<div class=\"elementor-element elementor-element-a808b05 elementor-widget elementor-widget-button\" data-id=\"a808b05\" data-element_type=\"widget\" data-e-type=\"widget\" data-widget_type=\"button.default\">\n\t\t\t\t<div class=\"elementor-widget-container\">\n\t\t\t\t\t\t\t\t\t<div class=\"elementor-button-wrapper\">\n\t\t\t\t\t<a class=\"elementor-button elementor-button-link elementor-size-sm\" href=\"https:\/\/pazydialogo.worldjusticeproject.mx\/wp-content\/uploads\/sites\/2\/2025\/03\/Reporte-Conflicto-socioambiental_VF.pdf\" target=\"_blank\">\n\t\t\t\t\t\t<span class=\"elementor-button-content-wrapper\">\n\t\t\t\t\t\t\t\t\t<span class=\"elementor-button-text\">Consulta \"Conflicto socioambiental en San Juan Atzingo: estrategias comunitarias frente a la tala ilegal\" aqu\u00ed <\/span>\n\t\t\t\t\t<\/span>\n\t\t\t\t\t<\/a>\n\t\t\t\t<\/div>\n\t\t\t\t\t\t\t\t<\/div>\n\t\t\t\t<\/div>\n\t\t\t\t\t<\/div>\n\t\t\t\t<\/div>\n\t\t\t\t<\/div>","protected":false},"excerpt":{"rendered":"<p>4. RETOS Los desaf\u00edos que enfrentan los Centros ponen en riesgo su operaci\u00f3n. Explora: 4.1 SOSTENIBILIDAD 4.2 V\u00cdNCULOS CLAVE 4.1 SOSTENIBILIDAD Un reto importante que enfrentan los CPD es la sostenibilidad, pues, aunque cada uno tiene su historia, y surgi\u00f3 de un contexto espec\u00edfico, existe una preocupaci\u00f3n compartida sobre c\u00f3mo se deben sortear las distintas [&hellip;]<\/p>\n","protected":false},"author":1,"featured_media":0,"parent":0,"menu_order":0,"comment_status":"closed","ping_status":"closed","template":"","meta":{"footnotes":""},"class_list":["post-94","page","type-page","status-publish","hentry"],"_links":{"self":[{"href":"https:\/\/pazydialogo.worldjusticeproject.mx\/en\/wp-json\/wp\/v2\/pages\/94","targetHints":{"allow":["GET"]}}],"collection":[{"href":"https:\/\/pazydialogo.worldjusticeproject.mx\/en\/wp-json\/wp\/v2\/pages"}],"about":[{"href":"https:\/\/pazydialogo.worldjusticeproject.mx\/en\/wp-json\/wp\/v2\/types\/page"}],"author":[{"embeddable":true,"href":"https:\/\/pazydialogo.worldjusticeproject.mx\/en\/wp-json\/wp\/v2\/users\/1"}],"replies":[{"embeddable":true,"href":"https:\/\/pazydialogo.worldjusticeproject.mx\/en\/wp-json\/wp\/v2\/comments?post=94"}],"version-history":[{"count":15,"href":"https:\/\/pazydialogo.worldjusticeproject.mx\/en\/wp-json\/wp\/v2\/pages\/94\/revisions"}],"predecessor-version":[{"id":332,"href":"https:\/\/pazydialogo.worldjusticeproject.mx\/en\/wp-json\/wp\/v2\/pages\/94\/revisions\/332"}],"wp:attachment":[{"href":"https:\/\/pazydialogo.worldjusticeproject.mx\/en\/wp-json\/wp\/v2\/media?parent=94"}],"curies":[{"name":"wp","href":"https:\/\/api.w.org\/{rel}","templated":true}]}}